{"id":13211,"date":"2021-09-13T21:35:03","date_gmt":"2021-09-13T21:35:03","guid":{"rendered":"https:\/\/medicalgroup-ks.com\/?page_id=13211"},"modified":"2023-05-25T13:16:05","modified_gmt":"2023-05-25T13:16:05","slug":"medical-careers","status":"publish","type":"page","link":"https:\/\/medicalgroup-ks.com\/al\/medical-careers\/","title":{"rendered":"Karriera"},"content":{"rendered":"<div data-elementor-type=\"wp-page\" data-elementor-id=\"13211\" class=\"elementor elementor-13211\" data-elementor-post-type=\"page\">\n\t\t\t\t\t\t<section class=\"elementor-section elementor-top-section elementor-element elementor-element-c43922b qodef-elementor-content-grid elementor-section-boxed elementor-section-height-default elementor-section-height-default\" data-id=\"c43922b\" data-element_type=\"section\" data-e-type=\"section\">\n\t\t\t\t\t\t<div class=\"elementor-container elementor-column-gap-default\">\n\t\t\t\t\t<div class=\"elementor-column elementor-col-50 elementor-top-column elementor-element elementor-element-94b57ee\" data-id=\"94b57ee\" data-element_type=\"column\" data-e-type=\"column\">\n\t\t\t<div class=\"elementor-widget-wrap elementor-element-populated\">\n\t\t\t\t\t\t<div class=\"elementor-element elementor-element-325c051 elementor-widget-tablet__width-inherit elementor-widget__width-initial elementor-widget elementor-widget-thorsten_core_section_title\" data-id=\"325c051\" data-element_type=\"widget\" data-e-type=\"widget\" data-widget_type=\"thorsten_core_section_title.default\">\n\t\t\t\t<div class=\"elementor-widget-container\">\n\t\t\t\t\t<div class=\"qodef-shortcode qodef-m  qodef-section-title qodef-alignment--left   qodef-st-appear-animation--yes\">\n\t\t<div class=\"qodef-m-tagline\" >\n\t\t\t\t\t<span class=\"qodef-m-separator\"><\/span>\n\t\t\t\t<p>Karriera<\/p>\n\t<\/div>\n\t\t<h2 class=\"qodef-m-title\" >\n\t\t\t\t\tTransformojm\u00eb Medicin\u00ebn\t\t\t<\/h2>\n\t<\/div>\n\t\t\t\t<\/div>\n\t\t\t\t<\/div>\n\t\t\t\t<div class=\"elementor-element elementor-element-dedef7d elementor-widget elementor-widget-text-editor\" data-id=\"dedef7d\" data-element_type=\"widget\" data-e-type=\"widget\" data-widget_type=\"text-editor.default\">\n\t\t\t\t<div class=\"elementor-widget-container\">\n\t\t\t\t\t\t\t\t\t<p style=\"text-align: left;\">N\u00ebse jeni ambicioz dhe d\u00ebshironi nj\u00eb karrier\u00eb dinamike duke punuar ngusht\u00eb me klient\u00ebt dhe t\u00eb jeni pjes\u00eb e ekipit t\u00eb madh, nj\u00eb mjedis q\u00eb lejon individ\u00ebt e p\u00ebrkushtuar t\u00eb japin nj\u00eb kontribut t\u00eb v\u00ebrtet\u00eb dhe t\u00eb ndjehen t\u00eb d\u00ebgjuar, t\u00eb njohur me sfida, ku p\u00ebrpjekjet tuaja vler\u00ebsohen dhe shp\u00ebrblehen dhe ku zhvillimi juaj profesional vazhdon, ku gjith\u00e7ka rrotullohet rreth personit dhe ekipit, ju inkurajojm\u00eb t\u00eb aplikoni, ju lutemi mos ngurroni t\u00eb na d\u00ebrgoni letr\u00ebn motivuese dhe CV-n\u00eb tuaj n\u00eb departamentin ton\u00eb t\u00eb burimeve njer\u00ebzore: <strong>hr@medicalgroup-ks.com<\/strong>\u00a0ne jemi vazhdimisht n\u00eb k\u00ebrkim t\u00eb njer\u00ebzve t\u00eb guximsh\u00ebm dhe t\u00eb zgjuar<\/p>\t\t\t\t\t\t\t\t<\/div>\n\t\t\t\t<\/div>\n\t\t\t\t\t<\/div>\n\t\t<\/div>\n\t\t\t\t<div class=\"elementor-column elementor-col-50 elementor-top-column elementor-element elementor-element-372160f\" data-id=\"372160f\" data-element_type=\"column\" data-e-type=\"column\">\n\t\t\t<div class=\"elementor-widget-wrap\">\n\t\t\t\t\t\t\t<\/div>\n\t\t<\/div>\n\t\t\t\t\t<\/div>\n\t\t<\/section>\n\t\t\t\t<section class=\"elementor-section elementor-top-section elementor-element elementor-element-4edeca5 elementor-section-boxed elementor-section-height-default elementor-section-height-default qodef-elementor-content-no\" data-id=\"4edeca5\" data-element_type=\"section\" data-e-type=\"section\">\n\t\t\t\t\t\t<div class=\"elementor-container elementor-column-gap-default\">\n\t\t\t\t\t<div class=\"elementor-column elementor-col-100 elementor-top-column elementor-element elementor-element-55129d9\" data-id=\"55129d9\" data-element_type=\"column\" data-e-type=\"column\">\n\t\t\t<div class=\"elementor-widget-wrap elementor-element-populated\">\n\t\t\t\t\t\t<div class=\"elementor-element elementor-element-15c9357 elementor-widget elementor-widget-spacer\" data-id=\"15c9357\" data-element_type=\"widget\" data-e-type=\"widget\" data-widget_type=\"spacer.default\">\n\t\t\t\t<div class=\"elementor-widget-container\">\n\t\t\t\t\t\t\t<div class=\"elementor-spacer\">\n\t\t\t<div class=\"elementor-spacer-inner\"><\/div>\n\t\t<\/div>\n\t\t\t\t\t\t<\/div>\n\t\t\t\t<\/div>\n\t\t\t\t\t<\/div>\n\t\t<\/div>\n\t\t\t\t\t<\/div>\n\t\t<\/section>\n\t\t\t\t<section class=\"elementor-section elementor-top-section elementor-element elementor-element-36e0bc5 elementor-section-boxed elementor-section-height-default elementor-section-height-default qodef-elementor-content-no\" data-id=\"36e0bc5\" data-element_type=\"section\" data-e-type=\"section\">\n\t\t\t\t\t\t<div class=\"elementor-container elementor-column-gap-default\">\n\t\t\t\t\t<div class=\"elementor-column elementor-col-100 elementor-top-column elementor-element elementor-element-2e28aa9\" data-id=\"2e28aa9\" data-element_type=\"column\" data-e-type=\"column\">\n\t\t\t<div class=\"elementor-widget-wrap elementor-element-populated\">\n\t\t\t\t\t\t<div class=\"elementor-element elementor-element-48b638a elementor-widget elementor-widget-qi_addons_for_elementor_contact_form_7\" data-id=\"48b638a\" data-element_type=\"widget\" data-e-type=\"widget\" data-widget_type=\"qi_addons_for_elementor_contact_form_7.default\">\n\t\t\t\t<div class=\"elementor-widget-container\">\n\t\t\t\t\t<div class=\"qodef-shortcode qodef-m qodef-qi-contact-form-7\">\n\t\n<div class=\"wpcf7 no-js\" id=\"wpcf7-f8-o1\" lang=\"en-US\" dir=\"ltr\" data-wpcf7-id=\"8\">\n<div class=\"screen-reader-response\"><p role=\"status\" aria-live=\"polite\" aria-atomic=\"true\"><\/p> <ul><\/ul><\/div>\n<form action=\"\/al\/wp-json\/wp\/v2\/pages\/13211#wpcf7-f8-o1\" method=\"post\" class=\"wpcf7-form init\" aria-label=\"Contact form\" enctype=\"multipart\/form-data\" novalidate=\"novalidate\" data-status=\"init\" data-trp-original-action=\"\/al\/wp-json\/wp\/v2\/pages\/13211#wpcf7-f8-o1\">\n<fieldset class=\"hidden-fields-container\"><input type=\"hidden\" name=\"_wpcf7\" value=\"8\" \/><input type=\"hidden\" name=\"_wpcf7_version\" value=\"6.1.5\" \/><input type=\"hidden\" name=\"_wpcf7_locale\" value=\"en_US\" \/><input type=\"hidden\" name=\"_wpcf7_unit_tag\" value=\"wpcf7-f8-o1\" \/><input type=\"hidden\" name=\"_wpcf7_container_post\" value=\"0\" \/><input type=\"hidden\" name=\"_wpcf7_posted_data_hash\" value=\"\" \/><input type=\"hidden\" name=\"_wpcf7_recaptcha_response\" value=\"\" \/>\n<\/fieldset>\n<label> Emri\n    <span class=\"wpcf7-form-control-wrap\" data-name=\"your-name\"><input size=\"40\" maxlength=\"400\" class=\"wpcf7-form-control wpcf7-text wpcf7-validates-as-required\" aria-required=\"true\" aria-invalid=\"false\" value=\"\" type=\"text\" name=\"your-name\" \/><\/span> <\/label>\n\n<label> Mbiemri\n    <span class=\"wpcf7-form-control-wrap\" data-name=\"text-lastname\"><input size=\"40\" maxlength=\"400\" class=\"wpcf7-form-control wpcf7-text wpcf7-validates-as-required\" aria-required=\"true\" aria-invalid=\"false\" value=\"\" type=\"text\" name=\"text-lastname\" \/><\/span> <\/label>\n\n<label> E-mail\n    <span class=\"wpcf7-form-control-wrap\" data-name=\"your-email\"><input size=\"40\" maxlength=\"400\" class=\"wpcf7-form-control wpcf7-email wpcf7-validates-as-required wpcf7-text wpcf7-validates-as-email\" aria-required=\"true\" aria-invalid=\"false\" value=\"\" type=\"email\" name=\"your-email\" \/><\/span> <\/label>\n\n<label> Nr Tel\n    <span class=\"wpcf7-form-control-wrap\" data-name=\"tel-74\"><input size=\"40\" maxlength=\"400\" class=\"wpcf7-form-control wpcf7-tel wpcf7-validates-as-required wpcf7-text wpcf7-validates-as-tel\" aria-required=\"true\" aria-invalid=\"false\" value=\"\" type=\"tel\" name=\"tel-74\" \/><\/span> <\/label>\n\n<label> Titulli i pozites\n     <span class=\"wpcf7-form-control-wrap\" data-name=\"Job\"><input size=\"40\" maxlength=\"400\" class=\"wpcf7-form-control wpcf7-text wpcf7-validates-as-required\" aria-required=\"true\" aria-invalid=\"false\" value=\"\" type=\"text\" name=\"Job\" \/><\/span> <\/label>\n\n<label> Bashkangjitni letren motivuese\n    <span class=\"wpcf7-form-control-wrap\" data-name=\"file-motiavtion-letter\"><input size=\"40\" class=\"wpcf7-form-control wpcf7-file wpcf7-validates-as-required\" accept=\"audio\/*,video\/*,image\/*\" aria-required=\"true\" aria-invalid=\"false\" type=\"file\" name=\"file-motiavtion-letter\" \/><\/span> <\/label>\n\n<label> Bashkangjitni CV-ne tuaj\n    <span class=\"wpcf7-form-control-wrap\" data-name=\"file-cv\"><input size=\"40\" class=\"wpcf7-form-control wpcf7-file wpcf7-validates-as-required\" accept=\"audio\/*,video\/*,image\/*\" aria-required=\"true\" aria-invalid=\"false\" type=\"file\" name=\"file-cv\" \/><\/span> <\/label>\n\n<label> Mesazhi yt\n    <span class=\"wpcf7-form-control-wrap\" data-name=\"your-message\"><textarea cols=\"40\" rows=\"10\" maxlength=\"2000\" class=\"wpcf7-form-control wpcf7-textarea\" aria-invalid=\"false\" name=\"your-message\"><\/textarea><\/span> <\/label>\n\n<button class=\"wpcf7-form-control wpcf7-submit qodef-button qodef-size--normal qodef-layout--filled qodef-m\" type=\"submit\"><span class=\"qodef-m-text\">D\u00ebrgo<\/span><\/button><div class=\"wpcf7-response-output\" aria-hidden=\"true\"><\/div>\n<input type=\"hidden\" name=\"trp-form-language\" value=\"al\"\/><\/form>\n<\/div>\n<\/div>\n\t\t\t\t<\/div>\n\t\t\t\t<\/div>\n\t\t\t\t\t<\/div>\n\t\t<\/div>\n\t\t\t\t\t<\/div>\n\t\t<\/section>\n\t\t\t\t<\/div>","protected":false},"excerpt":{"rendered":"<p>Careers Transfrom Medicine If you are ambitious and want a dynamic career working closely with clients and being part of great team, environment that allows dedicated individuals to make a real contribution and feel heard, recognized with challenges, where your efforts are valued and rewarded and where your professional development continues, where everything revolves around [&hellip;]<\/p>\n","protected":false},"author":2,"featured_media":0,"parent":0,"menu_order":0,"comment_status":"closed","ping_status":"closed","template":"","meta":{"editor_plus_copied_stylings":"{}","footnotes":""},"class_list":["post-13211","page","type-page","status-publish","hentry"],"_links":{"self":[{"href":"https:\/\/medicalgroup-ks.com\/al\/wp-json\/wp\/v2\/pages\/13211","targetHints":{"allow":["GET"]}}],"collection":[{"href":"https:\/\/medicalgroup-ks.com\/al\/wp-json\/wp\/v2\/pages"}],"about":[{"href":"https:\/\/medicalgroup-ks.com\/al\/wp-json\/wp\/v2\/types\/page"}],"author":[{"embeddable":true,"href":"https:\/\/medicalgroup-ks.com\/al\/wp-json\/wp\/v2\/users\/2"}],"replies":[{"embeddable":true,"href":"https:\/\/medicalgroup-ks.com\/al\/wp-json\/wp\/v2\/comments?post=13211"}],"version-history":[{"count":78,"href":"https:\/\/medicalgroup-ks.com\/al\/wp-json\/wp\/v2\/pages\/13211\/revisions"}],"predecessor-version":[{"id":14955,"href":"https:\/\/medicalgroup-ks.com\/al\/wp-json\/wp\/v2\/pages\/13211\/revisions\/14955"}],"wp:attachment":[{"href":"https:\/\/medicalgroup-ks.com\/al\/wp-json\/wp\/v2\/media?parent=13211"}],"curies":[{"name":"wp","href":"https:\/\/api.w.org\/{rel}","templated":true}]}}