{"id":7037,"date":"2021-05-07T18:28:06","date_gmt":"2021-05-07T18:28:06","guid":{"rendered":"https:\/\/thorsten.qodeinteractive.com\/?page_id=7037"},"modified":"2026-04-20T08:13:12","modified_gmt":"2026-04-20T08:13:12","slug":"our-story","status":"publish","type":"page","link":"https:\/\/medicalgroup-ks.com\/al\/our-story\/","title":{"rendered":"Historia jon\u00eb"},"content":{"rendered":"<p>Historia jon\u00eb<\/p>\n<h3 >\n\t\t\t\t\tHistoria jon\u00eb<\/h3>\n<p>Over Two Decades of International Expertise in Pharmaceuticals and Healthcare sector.<br \/>\nMedical Group traces its origins back to the year 2000, when it began as MCG (Medical Consulting Group), a consulting initiative led by doctors and healthcare professionals supporting international humanitarian health programs in Kosovo and the region. These challenging times, after the war, shaped our identity and mission. In 2004, MCG transformed into Medical Group LLC, establishing itself as a trusted partner in the pharmaceutical and healthcare market. Thinking about the future, today, Medical Group is recognized as one of the leading pillars of healthcare advancement in Kosovo and Southeast Europe.<\/p>\n<p><em>Excellence in service. Empowering healthcare.\u00a0 <\/em><\/p>\n<p><img fetchpriority=\"high\" decoding=\"async\" width=\"875\" height=\"581\" src=\"https:\/\/medicalgroup-ks.com\/wp-content\/uploads\/2022\/03\/01_MG.png\" alt=\"\" srcset=\"https:\/\/medicalgroup-ks.com\/wp-content\/uploads\/2022\/03\/01_MG.png 875w, https:\/\/medicalgroup-ks.com\/wp-content\/uploads\/2022\/03\/01_MG-300x199.png 300w, https:\/\/medicalgroup-ks.com\/wp-content\/uploads\/2022\/03\/01_MG-768x510.png 768w, https:\/\/medicalgroup-ks.com\/wp-content\/uploads\/2022\/03\/01_MG-18x12.png 18w, https:\/\/medicalgroup-ks.com\/wp-content\/uploads\/2022\/03\/01_MG-600x398.png 600w\" sizes=\"(max-width: 875px) 100vw, 875px\" \/><\/p>\n<p>Historia jon\u00eb<\/p>\n<h3 >\n\t\t\t\t\tHistoriku i themeluesit<\/h3>\n<p>Dr. Skender Kutllovci, mjek me profesion, mban titullin Master n\u00eb Sh\u00ebndet Publik dhe Menaxhim t\u00eb Sh\u00ebrbimeve Sh\u00ebndet\u00ebsore nga London School of Hygiene and Tropical Medicine, University of London.<\/p>\n<p class=\"translation-block\">I motivuar nga nevoja urgjente p\u00ebr t\u00eb rind\u00ebrtuar dhe ngritur sistemin sh\u00ebndet\u00ebsor n\u00eb Kosov\u00ebn e pasluft\u00ebs, Dr. Kutllovci e transformoi kompanin\u00eb n\u00eb at\u00eb q\u00eb sot njihet si Medical Group L.L.C. \u2013 nj\u00eb nd\u00ebrmarrje dinamike, e orientuar drejt s\u00eb ardhmes, e p\u00ebrkushtuar ndaj p\u00ebrsosm\u00ebris\u00eb n\u00eb sh\u00ebrbim. N\u00ebn udh\u00ebheqjen e tij, kompania \u00ebsht\u00eb b\u00ebr\u00eb nj\u00eb partner i besuesh\u00ebm p\u00ebr institucionet sh\u00ebndet\u00ebsore, duke ofruar produkte thelb\u00ebsore, teknologji mjek\u00ebsore inovative dhe mb\u00ebshtetje profesionale n\u00eb t\u00eb gjith\u00eb sektorin. P\u00ebrkushtimi i tij i pal\u00ebkundur ndaj cil\u00ebsis\u00eb, inovacionit dhe integritetit vazhdon t\u00eb form\u00ebsoj\u00eb strategjin\u00eb dhe zhvillimin afatgjat\u00eb t\u00eb Medical Group, duke siguruar q\u00eb kujdesi m\u00eb i mir\u00eb sh\u00ebndet\u00ebsor t\u00eb b\u00ebhet standard p\u00ebr t\u00eb gjith\u00eb.<\/p>\n<p><strong>\u00a0<\/strong><\/p>\n<p><strong>Udh\u00ebtimi i Medical Group <\/strong><\/p>\n<p><strong>Viti<\/strong><\/p>\n<p><strong>2004<\/strong><br \/>\nThemelimi i kompanis\u00eb si L.L.C., duke vendosur bazat p\u00ebr rritjen e ardhshme n\u00eb sh\u00ebrbimet dhe furnizimin sh\u00ebndet\u00ebsor, me ndryshimin e emrit n\u00eb Medical Group L.L.C.<\/p>\n<p><strong>2005\u20132010<\/strong><br \/>\nZgjerimi i partneriteteve me prodhues nd\u00ebrkomb\u00ebtar\u00eb farmaceutik\u00eb dhe mjek\u00ebsor\u00eb; prezantimi i zgjidhjeve dhe terapive spitalore inovative n\u00eb Kosov\u00eb.<\/p>\n<p><strong>2010\u20132020<\/strong><br \/>\nRistrukturim strategjik drejt shp\u00ebrndarjes s\u00eb specializuar mjek\u00ebsore dhe zbatimit t\u00eb projekteve n\u00eb shp\u00ebrndarjen me pakic\u00eb dhe kujdesin spitalor; kontribut n\u00eb luft\u00ebn kund\u00ebr COVID-19 p\u00ebrmes furnizimit dhe modernizimit t\u00eb sistemit t\u00eb oksigjenit mjek\u00ebsor n\u00eb t\u00eb gjitha spitalet e Kosov\u00ebs.<\/p>\n<p><strong>2021-2025<br \/>\n<\/strong>Synimi p\u00ebr t\u2019u b\u00ebr\u00eb furnizuesi kryesor rajonal n\u00eb kujdesin sh\u00ebndet\u00ebsor, i njohur p\u00ebr besueshm\u00ebri, inovacion dhe ekspertiz\u00eb teknike, p\u00ebrmes investimeve n\u00eb projekte t\u00eb ardhshme dhe terapi me kosto efektive si biosimilar\u00ebt.<\/p>\n<p>Medical Group L.L.C. continues to evolve with a clear mission: \u2019\u2019Improving health and healthcare outcomes by delivering innovative, safe, and accessible medical solutions for all patients\u2019\u2019. Dr. Kutllovci and his team are committed to advancing healthcare in Kosovo and the region through strategic investments, professional development, and adherence to global standards.<\/p>\n<p><strong>M\u00ebnyra e duhur p\u00ebr ti b\u00ebr\u00eb gj\u00ebrat\u00a0 <\/strong><\/p>\n<p>P\u00ebr m\u00eb shum\u00eb se nj\u00ebzet vjet, Medical Group L.L.C. ka ngritur standardet e sh\u00ebrbimeve sh\u00ebndet\u00ebsore p\u00ebrmes partneriteteve strategjike me lider\u00ebt nd\u00ebrkomb\u00ebtar\u00eb farmaceutik\u00eb dhe ekspert\u00ebt mjek\u00ebsor\u00eb.<\/p>\n<p>Si nj\u00eb ur\u00eb besimi, ka sjell\u00eb arritjet dhe idet\u00eb e inovator\u00ebve global\u00eb tek tregu dhe pacient\u00ebt tan\u00eb lokal\u00eb.<\/p>\n<p>Aktualisht duke operuar n\u00eb vendet e Evrop\u00ebs Qendrore dhe Lindore, Kosov\u00eb, Shqip\u00ebri dhe Maqedoni e Veriut, ekipi yn\u00eb i p\u00ebrkushtuar ka nd\u00ebrtuar nj\u00eb reputacion p\u00ebr profesionaliz\u00ebm, besueshm\u00ebri dhe inovacion.<\/p>\n<p><strong>\u00a0\u00a0\u00a0\u00a0\u00a0\u00a0\u00a0\u00a0\u00a0\u00a0\u00a0\u00a0\u00a0\u00a0\u00a0\u00a0\u00a0\u00a0\u00a0\u00a0\u00a0\u00a0\u00a0\u00a0\u00a0\u00a0\u00a0\u00a0\u00a0\u00a0\u00a0\u00a0\u00a0\u00a0\u00a0 <\/strong><\/p>\n<p><strong>Fuqizim i trajtimit mjek\u00ebsor p\u00ebrmes zgjidhjeve inovative<\/strong><\/p>\n<p>E themeluar dhe e udh\u00ebhequr nga vizioni p\u00ebr t\u00eb ofruar zgjidhje sh\u00ebndet\u00ebsore inovative dhe t\u00eb nivelit bot\u00ebror, Medical Group ka riform\u00ebsuar standardet e trajtimit mjek\u00ebsor p\u00ebrmes bashk\u00ebpunimit ekskluziv me markat kryesore farmaceutike dhe mjek\u00ebsore nga BE, SHBA dhe vende t\u00eb tjera. Misioni yn\u00eb \u00ebsht\u00eb ngritja e standardeve etike dhe klinike t\u00eb kujdesit ndaj pacient\u00ebve, duke siguruar q\u00eb \u00e7do partneritet t\u00eb kontribuoj\u00eb n\u00eb komunitete m\u00eb t\u00eb sh\u00ebndetshme. Sot, ne vazhdojm\u00eb t\u00eb sjellim terapi dhe teknologji inovative n\u00eb tregjet tona.<\/p>\n<p><em>Health and Care in a great balance.<\/em><\/p>\n<p><img decoding=\"async\" width=\"1024\" height=\"361\" src=\"https:\/\/medicalgroup-ks.com\/wp-content\/uploads\/2026\/04\/2026-04-11-20_11_35-Parku-i-Eres-Bajgore.-Bleron-Caka-Photography-Adobe-Acrobat-Pro-DC-1024x361.png\" alt=\"\" srcset=\"https:\/\/medicalgroup-ks.com\/wp-content\/uploads\/2026\/04\/2026-04-11-20_11_35-Parku-i-Eres-Bajgore.-Bleron-Caka-Photography-Adobe-Acrobat-Pro-DC-1024x361.png 1024w, https:\/\/medicalgroup-ks.com\/wp-content\/uploads\/2026\/04\/2026-04-11-20_11_35-Parku-i-Eres-Bajgore.-Bleron-Caka-Photography-Adobe-Acrobat-Pro-DC-300x106.png 300w, https:\/\/medicalgroup-ks.com\/wp-content\/uploads\/2026\/04\/2026-04-11-20_11_35-Parku-i-Eres-Bajgore.-Bleron-Caka-Photography-Adobe-Acrobat-Pro-DC-768x271.png 768w, https:\/\/medicalgroup-ks.com\/wp-content\/uploads\/2026\/04\/2026-04-11-20_11_35-Parku-i-Eres-Bajgore.-Bleron-Caka-Photography-Adobe-Acrobat-Pro-DC-18x6.png 18w, https:\/\/medicalgroup-ks.com\/wp-content\/uploads\/2026\/04\/2026-04-11-20_11_35-Parku-i-Eres-Bajgore.-Bleron-Caka-Photography-Adobe-Acrobat-Pro-DC.png 1094w\" sizes=\"(max-width: 1024px) 100vw, 1024px\" \/><\/p>\n<p>Historia jon\u00eb<\/p>\n<h3 >\n\t\t\t\t\tEkipi dhe menaxhmenti<\/h3>\n<p>Suksesi i Medical Group mb\u00ebshtetet tek njer\u00ebzit e saj.<\/p>\n<p>B\u00ebrthama e ekipit profesional, p\u00ebrkrah themeluesit dhe partner\u00ebve afatgjat\u00eb, mbron vlera t\u00eb bazuara n\u00eb integritet, p\u00ebrgjegj\u00ebsi, p\u00ebrsosm\u00ebri, empati dhe etik\u00eb profesionale.<\/p>\n<p>Medical Group investon n\u00eb zhvillimin profesional dhe personal t\u00eb an\u00ebtar\u00ebve t\u00eb saj p\u00ebrmes trajnimeve dhe certifikimeve nd\u00ebrkomb\u00ebtare, duke nxitur kreativitetin, pun\u00ebn ekipore dhe m\u00ebsimin e vazhduesh\u00ebm p\u00ebr t\u00eb ofruar rezultate t\u00eb shk\u00eblqyera n\u00eb kujdesin sh\u00ebndet\u00ebsor.<\/p>\n<h2 >\n\t\t\t\t\tNa kontaktoni dhe behuni partneri yne<\/h2>","protected":false},"excerpt":{"rendered":"<p>Our Story OUR STORY Over Two Decades of International Expertise in Pharmaceuticals and Healthcare sector. Medical Group traces its origins back to the year 2000, when it began as MCG (Medical Consulting Group), a consulting initiative led by doctors and healthcare professionals supporting international humanitarian health programs in Kosovo and the region. These challenging times, [&hellip;]<\/p>\n","protected":false},"author":2,"featured_media":0,"parent":0,"menu_order":0,"comment_status":"closed","ping_status":"closed","template":"","meta":{"editor_plus_copied_stylings":"{}","footnotes":""},"class_list":["post-7037","page","type-page","status-publish","hentry"],"_links":{"self":[{"href":"https:\/\/medicalgroup-ks.com\/al\/wp-json\/wp\/v2\/pages\/7037","targetHints":{"allow":["GET"]}}],"collection":[{"href":"https:\/\/medicalgroup-ks.com\/al\/wp-json\/wp\/v2\/pages"}],"about":[{"href":"https:\/\/medicalgroup-ks.com\/al\/wp-json\/wp\/v2\/types\/page"}],"author":[{"embeddable":true,"href":"https:\/\/medicalgroup-ks.com\/al\/wp-json\/wp\/v2\/users\/2"}],"replies":[{"embeddable":true,"href":"https:\/\/medicalgroup-ks.com\/al\/wp-json\/wp\/v2\/comments?post=7037"}],"version-history":[{"count":178,"href":"https:\/\/medicalgroup-ks.com\/al\/wp-json\/wp\/v2\/pages\/7037\/revisions"}],"predecessor-version":[{"id":15527,"href":"https:\/\/medicalgroup-ks.com\/al\/wp-json\/wp\/v2\/pages\/7037\/revisions\/15527"}],"wp:attachment":[{"href":"https:\/\/medicalgroup-ks.com\/al\/wp-json\/wp\/v2\/media?parent=7037"}],"curies":[{"name":"wp","href":"https:\/\/api.w.org\/{rel}","templated":true}]}}